{"id":20,"date":"2013-05-26T19:47:05","date_gmt":"2013-05-26T17:47:05","guid":{"rendered":"https:\/\/www.RacketMotion.com\/RacketMotion\/?page_id=20"},"modified":"2026-03-13T01:10:58","modified_gmt":"2026-03-12T23:10:58","slug":"bafoev","status":"publish","type":"page","link":"https:\/\/www.RacketMotion.com\/RacketMotion\/bafoev\/","title":{"rendered":"Badminton F\u00f6rdergemeinschaft Oberbayern e.V."},"content":{"rendered":"<h2 style=\"text-align: left;\" align=\"center\"><strong><a href=\"https:\/\/www.RacketMotion.com\/RacketMotion\/wp-content\/uploads\/2025\/05\/Jubilaeum-30-JahreNew.png\"><img loading=\"lazy\" decoding=\"async\" class=\" wp-image-46294 alignright\" src=\"https:\/\/www.RacketMotion.com\/RacketMotion\/wp-content\/uploads\/2025\/05\/Jubilaeum-30-JahreNew.png\" alt=\"\" width=\"192\" height=\"188\" srcset=\"https:\/\/www.RacketMotion.com\/RacketMotion\/wp-content\/uploads\/2025\/05\/Jubilaeum-30-JahreNew.png 412w, https:\/\/www.RacketMotion.com\/RacketMotion\/wp-content\/uploads\/2025\/05\/Jubilaeum-30-JahreNew-300x293.png 300w, https:\/\/www.RacketMotion.com\/RacketMotion\/wp-content\/uploads\/2025\/05\/Jubilaeum-30-JahreNew-56x55.png 56w\" sizes=\"auto, (max-width: 192px) 100vw, 192px\" \/><\/a>Die Badminton F\u00f6rdergemeinschaft Oberbayern e.V.<\/strong> (&#8222;<strong>bafo<\/strong>&#8222;)<\/h2>\n<p>ist ein eingetragener Verein. Zweck des Vereins &#8222;Badminton F\u00f6rdergemeinschaft Oberbayern e.V.&#8220; ist die F\u00f6rderung des Badmintonsportes in<\/p>\n<ul>\n<li>organisatorischer,<\/li>\n<li>ideeller,<\/li>\n<li>personeller und insbesondere<\/li>\n<li>finanzieller Hinsicht.<\/li>\n<\/ul>\n<p>Dieser Verein wurde im September 1994 gegr\u00fcndet und ist seit 24. November 1994 im Vereinsregister F\u00fcrstenfeldbruck eingetragen.<\/p>\n<p>&nbsp;<\/p>\n<hr \/>\n<table style=\"width: 100%;\" border=\"0\" cellspacing=\"5\" cellpadding=\"0\">\n<tbody>\n<tr align=\"left\" valign=\"top\">\n<td valign=\"top\"><a href=\"https:\/\/www.RacketMotion.com\/RacketMotion\/wp-content\/uploads\/2025\/04\/bafo-logo-02-transparent.png\"><img loading=\"lazy\" decoding=\"async\" class=\"wp-image-46227 aligncenter\" src=\"https:\/\/www.RacketMotion.com\/RacketMotion\/wp-content\/uploads\/2025\/04\/bafo-logo-02-transparent.png\" alt=\"\" width=\"292\" height=\"261\" \/><\/a><\/td>\n<td style=\"width: 25px;\"><\/td>\n<td valign=\"top\">Badminton F\u00f6rdergemeinschaft Oberbayern e. V. (&#8222;racketmotion&#8220;)<br \/>\nVorsitzender Herr Dieter Gl\u00e4\u00dfer<br \/>\nWeidenstr. 23<br \/>\n82256 F\u00fcrstenfeldbruck<br \/>\nHandy +49 173 3927017<br \/>\nE-Mail-Adresse<br \/>\n<a href=\"mailto:glaesser.dieter@bafo.de\">glaesser.dieter@bafo.de<\/a><\/td>\n<\/tr>\n<tr align=\"left\" valign=\"top\">\n<td valign=\"top\"><a href=\"https:\/\/www.RacketMotion.com\/RacketMotion\/wp-content\/uploads\/2024\/04\/Dieter-Glaesser-2024.png\"><img loading=\"lazy\" decoding=\"async\" class=\"wp-image-44156 aligncenter\" src=\"https:\/\/www.RacketMotion.com\/RacketMotion\/wp-content\/uploads\/2024\/04\/Dieter-Glaesser-2024.png\" alt=\"\" width=\"213\" height=\"233\" srcset=\"https:\/\/www.RacketMotion.com\/RacketMotion\/wp-content\/uploads\/2024\/04\/Dieter-Glaesser-2024.png 222w, https:\/\/www.RacketMotion.com\/RacketMotion\/wp-content\/uploads\/2024\/04\/Dieter-Glaesser-2024-50x55.png 50w\" sizes=\"auto, (max-width: 213px) 100vw, 213px\" \/><\/a><span style=\"font-size: 10pt;\">Dieter Gl\u00e4\u00dfer,<br \/>\n<em>Gr\u00fcnder und Vorsitzender der &#8222;racketmotion&#8220; seit 1994<\/em><\/span><\/td>\n<td style=\"width: 25px;\"><\/td>\n<td valign=\"top\"><em>Gl\u00e4\u00dfer&#8217;s Badminton Historie \ud83d\ude09<br \/>\n<\/em><br \/>\n\u00fcber 60 Jahre Badmintonspieler<br \/>\n6 Jahre Abteilungsleiter vom ESV Neuaubing M\u00fcnchen<br \/>\n17 Jahre Bezirksvorsitzender vom Bezirk Oberbayern (BBV)<br \/>\n8 Jahre Pr\u00e4sident vom BBV (Bayerischen Badminton-Verband e.V.)<br \/>\nVon 24.06.2016 &#8211; 31.12.2023 Bezirksvorsitzender vom Bezirk Oberbayern<br \/>\n<a href=\"https:\/\/www.RacketMotion.com\/RacketMotion\/wp-content\/uploads\/2022\/04\/BBV-Logo-ohne-Schrift-200.png\"><img loading=\"lazy\" decoding=\"async\" class=\" wp-image-39590 alignleft\" src=\"https:\/\/www.RacketMotion.com\/RacketMotion\/wp-content\/uploads\/2022\/04\/BBV-Logo-ohne-Schrift-200.png\" alt=\"\" width=\"151\" height=\"174\" srcset=\"https:\/\/www.RacketMotion.com\/RacketMotion\/wp-content\/uploads\/2022\/04\/BBV-Logo-ohne-Schrift-200.png 200w, https:\/\/www.RacketMotion.com\/RacketMotion\/wp-content\/uploads\/2022\/04\/BBV-Logo-ohne-Schrift-200-48x55.png 48w\" sizes=\"auto, (max-width: 151px) 100vw, 151px\" \/><\/a>(BBV) Seit 01.01.2024<span style=\"font-family: inherit; font-size: inherit;\"><br \/>\n<\/span><strong style=\"font-family: inherit; font-size: inherit;\">SPORTENTWICKLUNG<\/strong><br \/>\n<a href=\"https:\/\/badminton-bbv.de\/bezirke\/oberbayern\/\">BBV Bezirk Oberbayern<\/a><strong><br \/>\n<\/strong><a href=\"http:\/\/www.badminton-bbv.de\/\">Bayerischer Badmintonverband e.V.<\/a><br \/>\n<a href=\"https:\/\/badminton-bbv.de\/der-bbv\/funktionaere\/#ue-tab8\">Sportentwicklungsausschuss<\/a> <a href=\"https:\/\/badminton-bbv.de\/der-bbv\/funktionaere\/#ue-tab10\">Medienausschuss<\/a><br \/>\n<a href=\"mailto:dieter.glaesser@badminton-bbv.de\">dieter.glaesser@badminton-bbv.de<\/a><\/td>\n<\/tr>\n<\/tbody>\n<\/table>\n<hr \/>\n<h2><a href=\"https:\/\/www.badminton-bbv.de\/site\/2023\/08\/09\/dieter-glaesser-erhaelt-den-bbv-ehrenteller\/\" target=\"_blank\" rel=\"noopener\">Dieter Gl\u00e4\u00dfer erh\u00e4lt den BBV-EHRENTELLER<\/a><\/h2>\n<hr \/>\n<p><span style=\"color: #3366ff;\"><strong><span style=\"font-size: 18pt;\">Ehrenmedaillen f\u00fcr besondere Verdienste um den Sport in Bayern<\/span><\/strong><\/span><br \/>\n<span style=\"color: #3366ff; font-size: 14pt;\"><em>(vom Bayerischen Innenministerium des Innern)<\/em><\/span><br \/>\nSamstag, 20.04.2024, 30. Verbandstag des Bayerischen Badminton-Verbandes an der Sportschule Oberhaching.<br \/>\nVerleihung der Ehrenmedaillen f\u00fcr besondere Verdienste um den Sport in Bayern.<br \/>\nEine besondere Ehrung f\u00fcr sein au\u00dferordentliches Engagement um den organisierten Sport erfuhr Dieter Gl\u00e4\u00dfer aus den H\u00e4nden von BLSV-Pr\u00e4sident J\u00f6rg Ammon und BLSV-Gesch\u00e4ftsf\u00fchrerin Dr. Susanne Burger.<\/p>\n<table border=\"0\" width=\"100%\" cellspacing=\"10\" cellpadding=\"10\">\n<tbody>\n<tr>\n<td><a href=\"https:\/\/www.RacketMotion.com\/RacketMotion\/wp-content\/uploads\/2024\/04\/Ehrenmedaille-02-800.png\"><img loading=\"lazy\" decoding=\"async\" class=\"alignnone size-full wp-image-44161\" src=\"https:\/\/www.RacketMotion.com\/RacketMotion\/wp-content\/uploads\/2024\/04\/Ehrenmedaille-02-800.png\" alt=\"\" width=\"561\" height=\"800\" srcset=\"https:\/\/www.RacketMotion.com\/RacketMotion\/wp-content\/uploads\/2024\/04\/Ehrenmedaille-02-800.png 561w, https:\/\/www.RacketMotion.com\/RacketMotion\/wp-content\/uploads\/2024\/04\/Ehrenmedaille-02-800-210x300.png 210w, https:\/\/www.RacketMotion.com\/RacketMotion\/wp-content\/uploads\/2024\/04\/Ehrenmedaille-02-800-39x55.png 39w\" sizes=\"auto, (max-width: 561px) 100vw, 561px\" \/><\/a><\/td>\n<td><span style=\"color: #d6a12f;\">*<\/span><\/td>\n<td><a href=\"https:\/\/www.RacketMotion.com\/RacketMotion\/wp-content\/uploads\/2024\/04\/Ehrenmedaille-03-800.png\"><img loading=\"lazy\" decoding=\"async\" class=\"alignnone size-full wp-image-44159\" src=\"https:\/\/www.RacketMotion.com\/RacketMotion\/wp-content\/uploads\/2024\/04\/Ehrenmedaille-03-800.png\" alt=\"\" width=\"800\" height=\"563\" srcset=\"https:\/\/www.RacketMotion.com\/RacketMotion\/wp-content\/uploads\/2024\/04\/Ehrenmedaille-03-800.png 800w, https:\/\/www.RacketMotion.com\/RacketMotion\/wp-content\/uploads\/2024\/04\/Ehrenmedaille-03-800-300x211.png 300w, https:\/\/www.RacketMotion.com\/RacketMotion\/wp-content\/uploads\/2024\/04\/Ehrenmedaille-03-800-228x160.png 228w, https:\/\/www.RacketMotion.com\/RacketMotion\/wp-content\/uploads\/2024\/04\/Ehrenmedaille-03-800-768x540.png 768w, https:\/\/www.RacketMotion.com\/RacketMotion\/wp-content\/uploads\/2024\/04\/Ehrenmedaille-03-800-78x55.png 78w\" sizes=\"auto, (max-width: 800px) 100vw, 800px\" \/><\/a><\/td>\n<td><span style=\"color: #d6a12f;\">*<\/span><\/td>\n<td><a href=\"https:\/\/www.RacketMotion.com\/RacketMotion\/wp-content\/uploads\/2024\/04\/Ehrenmedaille-01-800.png\"><img loading=\"lazy\" decoding=\"async\" class=\"alignnone size-full wp-image-44160\" src=\"https:\/\/www.RacketMotion.com\/RacketMotion\/wp-content\/uploads\/2024\/04\/Ehrenmedaille-01-800.png\" alt=\"\" width=\"1273\" height=\"1308\" srcset=\"https:\/\/www.RacketMotion.com\/RacketMotion\/wp-content\/uploads\/2024\/04\/Ehrenmedaille-01-800.png 1273w, https:\/\/www.RacketMotion.com\/RacketMotion\/wp-content\/uploads\/2024\/04\/Ehrenmedaille-01-800-292x300.png 292w, https:\/\/www.RacketMotion.com\/RacketMotion\/wp-content\/uploads\/2024\/04\/Ehrenmedaille-01-800-997x1024.png 997w, https:\/\/www.RacketMotion.com\/RacketMotion\/wp-content\/uploads\/2024\/04\/Ehrenmedaille-01-800-768x789.png 768w, https:\/\/www.RacketMotion.com\/RacketMotion\/wp-content\/uploads\/2024\/04\/Ehrenmedaille-01-800-54x55.png 54w\" sizes=\"auto, (max-width: 1273px) 100vw, 1273px\" \/><\/a><br \/>\n<em><span style=\"font-size: 10pt;\">BLSV-Gesch\u00e4ftsf\u00fchrerin Dr. Susanne, BBV-Pr\u00e4sident Frank Schlosser, Dieter Gl\u00e4\u00dfer, BLSV-Pr\u00e4sident J\u00f6rg Ammon<\/span><\/em><\/td>\n<\/tr>\n<\/tbody>\n<\/table>\n<p>Bilder: Kim Mayer<\/p>\n<hr \/>\n<p><span style=\"color: #800080; font-size: 14pt;\"><strong>HISTORIE &#8211; Es begann vor dem Jahr 2000 im Internet<\/strong><\/span><\/p>\n<p><a href=\"https:\/\/www.RacketMotion.com\/RacketMotion\/wp-content\/uploads\/2025\/05\/BadmintonMenue.jpg\"><img loading=\"lazy\" decoding=\"async\" class=\" wp-image-46295 alignleft\" src=\"https:\/\/www.RacketMotion.com\/RacketMotion\/wp-content\/uploads\/2025\/05\/BadmintonMenue.jpg\" alt=\"\" width=\"96\" height=\"117\" srcset=\"https:\/\/www.RacketMotion.com\/RacketMotion\/wp-content\/uploads\/2025\/05\/BadmintonMenue.jpg 283w, https:\/\/www.RacketMotion.com\/RacketMotion\/wp-content\/uploads\/2025\/05\/BadmintonMenue-245x300.jpg 245w, https:\/\/www.RacketMotion.com\/RacketMotion\/wp-content\/uploads\/2025\/05\/BadmintonMenue-45x55.jpg 45w\" sizes=\"auto, (max-width: 96px) 100vw, 96px\" \/><\/a><span style=\"font-size: 14pt;\"><strong><span style=\"color: #0000ff;\">B<\/span><\/strong>adminton <span style=\"color: #0000ff;\"><strong>I<\/strong><\/span>nformation <strong><span style=\"color: #0000ff;\">C<\/span><\/strong>enter 2000<\/span> [BIC &#8211; Archiv]<br \/>\n<span style=\"color: #ff00ff;\"><strong>B<\/strong><\/span>adminton <span style=\"color: #ff00ff;\"><strong>A<\/strong><\/span>ny time <span style=\"color: #ff00ff;\"><strong>D<\/strong><\/span>etails <span style=\"color: #ff00ff;\"><strong>M<\/strong><\/span>atch <span style=\"color: #ff00ff;\"><strong>I<\/strong><\/span>nternational\u00a0<span style=\"color: #ff00ff;\"><strong>N<\/strong><\/span>ews <span style=\"color: #ff00ff;\"><strong>T<\/strong><\/span>raining <span style=\"color: #ff00ff;\"><strong>O<\/strong><\/span>rganization <span style=\"color: #ff00ff;\"><strong>N<\/strong><\/span>ew technology<\/p>\n<p><span style=\"font-size: 12pt;\"><strong><a href=\"https:\/\/www.racketmotion.com\/RacketMotion\/BIC%20WWWRoot%202000\/BIC2000me.html\" target=\"_blank\" rel=\"noopener\"><span style=\"font-size: 14pt;\">Homepage BIC2000<\/span><\/a><\/strong> <\/span><span style=\"font-size: 14pt;\">[<strong>Archiv<\/strong>]<\/span><\/p>\n<hr \/>\n<p>&nbsp;<\/p>\n","protected":false},"excerpt":{"rendered":"<p>Die Badminton F\u00f6rdergemeinschaft Oberbayern e.V. (&#8222;bafo&#8222;) ist ein eingetragener Verein. Zweck des Vereins &#8222;Badminton F\u00f6rdergemeinschaft Oberbayern e.V.&#8220; ist die F\u00f6rderung des Badmintonsportes in organisatorischer, ideeller, personeller und insbesondere finanzieller Hinsicht. Dieser Verein wurde im September 1994 gegr\u00fcndet und ist seit 24. November 1994 im Vereinsregister F\u00fcrstenfeldbruck eingetragen. &nbsp; Badminton F\u00f6rdergemeinschaft Oberbayern e. V. (&#8222;racketmotion&#8220;) Vorsitzender Herr Dieter Gl\u00e4\u00dfer Weidenstr. 23 82256 F\u00fcrstenfeldbruck Handy +49 173 3927017 E-Mail-Adresse glaesser.dieter@bafo.de Dieter Gl\u00e4\u00dfer, Gr\u00fcnder und Vorsitzender der &#8222;racketmotion&#8220; seit 1994 Gl\u00e4\u00dfer&#8217;s Badminton Historie [&hellip;]<\/p>\n","protected":false},"author":1,"featured_media":0,"parent":0,"menu_order":0,"comment_status":"open","ping_status":"open","template":"","meta":{"footnotes":""},"class_list":["post-20","page","type-page","status-publish","hentry"],"_links":{"self":[{"href":"https:\/\/www.RacketMotion.com\/RacketMotion\/wp-json\/wp\/v2\/pages\/20","targetHints":{"allow":["GET"]}}],"collection":[{"href":"https:\/\/www.RacketMotion.com\/RacketMotion\/wp-json\/wp\/v2\/pages"}],"about":[{"href":"https:\/\/www.RacketMotion.com\/RacketMotion\/wp-json\/wp\/v2\/types\/page"}],"author":[{"embeddable":true,"href":"https:\/\/www.RacketMotion.com\/RacketMotion\/wp-json\/wp\/v2\/users\/1"}],"replies":[{"embeddable":true,"href":"https:\/\/www.RacketMotion.com\/RacketMotion\/wp-json\/wp\/v2\/comments?post=20"}],"version-history":[{"count":118,"href":"https:\/\/www.RacketMotion.com\/RacketMotion\/wp-json\/wp\/v2\/pages\/20\/revisions"}],"predecessor-version":[{"id":50120,"href":"https:\/\/www.RacketMotion.com\/RacketMotion\/wp-json\/wp\/v2\/pages\/20\/revisions\/50120"}],"wp:attachment":[{"href":"https:\/\/www.RacketMotion.com\/RacketMotion\/wp-json\/wp\/v2\/media?parent=20"}],"curies":[{"name":"wp","href":"https:\/\/api.w.org\/{rel}","templated":true}]}}