{"id":22,"date":"2013-05-26T19:47:29","date_gmt":"2013-05-26T17:47:29","guid":{"rendered":"https:\/\/www.RacketMotion.com\/RacketMotion\/?page_id=22"},"modified":"2025-10-06T16:08:48","modified_gmt":"2025-10-06T14:08:48","slug":"impressum","status":"publish","type":"page","link":"https:\/\/www.RacketMotion.com\/RacketMotion\/impressum\/","title":{"rendered":"Impressum"},"content":{"rendered":"<p>Badminton F\u00f6rdergemeinschaft Oberbayern e.V.<br \/>\nWeidenstrasse 23<br \/>\n82256 F\u00fcrstenfeldbruck<br \/>\nDeutschland<\/p>\n<p>Tel.: 08141\/310110<br \/>\nFax: 08141\/310118<br \/>\nE-Mail: <a href=\"mailto:glaesser.dieter@bafo.de?subject=Feedback zum IMPRESSUM HOME\" target=\"_blank\" rel=\"noopener\">glaesser.dieter@bafo.de<\/a><br \/>\nRegistergericht: Vereinsregister des AG M\u00fcnchen<br \/>\nRegisternummer: VR 40673<br \/>\nSteuernummer 117\/107\/20071 Finanzamt F\u00fcrstenfeldbruck<\/p>\n<p>Vertretungsberechtigter Vorstand:<br \/>\nDieter Gl\u00e4\u00dfer (1. Vorsitzender)<\/p>\n<p>Plattform der EU-Kommission zur Online-Streitbeilegung: <a href=\"https:\/\/ec.europa.eu\/consumers\/odr\" target=\"_blank\" rel=\"noopener\">https:\/\/ec.europa.eu\/consumers\/odr<\/a><\/p>\n<p>Wir sind zur Teilnahme an einem Streitbeilegungsverfahren vor einer Verbraucherschlichtungsstelle weder verpflichtet noch bereit.<\/p>\n<hr \/>\n<p><a href=\"http:\/\/www.blm.de\" target=\"_blank\" rel=\"noopener\"><img loading=\"lazy\" decoding=\"async\" class=\"alignright wp-image-1612 size-medium\" src=\"https:\/\/www.RacketMotion.com\/RacketMotion\/wp-content\/uploads\/2018\/08\/BildWortmarke_2zeil-300x146.png\" alt=\"\" width=\"300\" height=\"146\" srcset=\"https:\/\/www.RacketMotion.com\/RacketMotion\/wp-content\/uploads\/2018\/08\/BildWortmarke_2zeil-300x146.png 300w, https:\/\/www.RacketMotion.com\/RacketMotion\/wp-content\/uploads\/2018\/08\/BildWortmarke_2zeil-768x373.png 768w, https:\/\/www.RacketMotion.com\/RacketMotion\/wp-content\/uploads\/2018\/08\/BildWortmarke_2zeil-1024x497.png 1024w, https:\/\/www.RacketMotion.com\/RacketMotion\/wp-content\/uploads\/2018\/08\/BildWortmarke_2zeil-113x55.png 113w, https:\/\/www.RacketMotion.com\/RacketMotion\/wp-content\/uploads\/2018\/08\/BildWortmarke_2zeil.png 1731w\" sizes=\"auto, (max-width: 300px) 100vw, 300px\" \/><\/a>Zust\u00e4ndige Aufsichtsbeh\u00f6rde f\u00fcr den Rundfunkbereich:<br \/>\n<a href=\"http:\/\/www.blm.de\" target=\"_blank\" rel=\"noopener\">Bayerische Landeszentrale f\u00fcr neue Medien (BLM)<\/a><br \/>\nRechtsf\u00e4hige Anstalt des \u00f6ffentlichen Rechts<br \/>\nvertreten durch den Pr\u00e4sidenten Siegfried Schneider<br \/>\nHeinrich-L\u00fcbke-Str. 27<br \/>\n81737 M\u00fcnchen<br \/>\nTelefon: 089\/6 38 08 &#8211; 0<br \/>\nFax: 089\/6 38 08 &#8211; 140<br \/>\nE-Mail: <a href=\"mailto:info@blm.de\">info@blm.de<\/a><\/p>\n<hr \/>\n<p><a href=\"https:\/\/www.it-recht-kanzlei.de\/Praesenz-Jugendschutzbeauftragter.html\" target=\"_blank\" rel=\"noopener\"><img loading=\"lazy\" decoding=\"async\" class=\"size-full wp-image-9858 alignleft\" src=\"https:\/\/www.racketmotion.com\/racketmotion\/wp-content\/uploads\/2018\/05\/Jugendschutzbeauftragter-Logo.png\" alt=\"\" width=\"146\" height=\"148\" srcset=\"https:\/\/www.RacketMotion.com\/RacketMotion\/wp-content\/uploads\/2018\/05\/Jugendschutzbeauftragter-Logo.png 146w, https:\/\/www.RacketMotion.com\/RacketMotion\/wp-content\/uploads\/2018\/05\/Jugendschutzbeauftragter-Logo-54x55.png 54w\" sizes=\"auto, (max-width: 146px) 100vw, 146px\" \/><\/a>&#8222;Jugendschutzbeauftragter gem\u00e4\u00df \u00a7 7 JMStV:<br \/>\nRechtsanwalt Jan M\u00fcller<br \/>\nIT-Recht Kanzlei, M\u00fcnchen<br \/>\nE-Mail: <a href=\"mailto:jugendschutzbeauftragter@it-recht-kanzlei.de?subject=Hier Ihr Anliegen zum Jugendschutzbeauftragten (IMPRESSUM HOME)\" target=\"_blank\" rel=\"noopener\">jugendschutzbeauftragter@it-recht-kanzlei.de<\/a>\u201c<br \/>\n<a href=\"https:\/\/www.it-recht-kanzlei.de\/viewTopic.php?tid=108\" target=\"_blank\" rel=\"noopener\">Jugendschutz im Internet<\/a><\/p>\n<p>&nbsp;<\/p>\n<hr \/>\n<p><a href=\"https:\/\/www.RacketMotion.com\/RacketMotion\/impressum-chatgpt\/\"><img loading=\"lazy\" decoding=\"async\" class=\"alignnone wp-image-42279\" src=\"https:\/\/www.RacketMotion.com\/RacketMotion\/wp-content\/uploads\/2024\/01\/ChatGPT-Button-final.png\" alt=\"\" width=\"114\" height=\"113\" srcset=\"https:\/\/www.RacketMotion.com\/RacketMotion\/wp-content\/uploads\/2024\/01\/ChatGPT-Button-final.png 672w, https:\/\/www.RacketMotion.com\/RacketMotion\/wp-content\/uploads\/2024\/01\/ChatGPT-Button-final-300x300.png 300w, https:\/\/www.RacketMotion.com\/RacketMotion\/wp-content\/uploads\/2024\/01\/ChatGPT-Button-final-55x55.png 55w\" sizes=\"auto, (max-width: 114px) 100vw, 114px\" \/><\/a><strong>\u00a0\u00a0\u00a0\u00a0\u00a0<span style=\"font-size: 18pt;\"><a href=\"https:\/\/www.RacketMotion.com\/RacketMotion\/impressum-chatgpt\/\">Impressum ChatGPT<\/a><\/span><\/strong><br \/>\nErstellung von Inhalten mit Unterst\u00fctzung von ChatGPT.<\/p>\n<hr \/>\n<p>&nbsp;<\/p>\n","protected":false},"excerpt":{"rendered":"<p>Badminton F\u00f6rdergemeinschaft Oberbayern e.V. Weidenstrasse 23 82256 F\u00fcrstenfeldbruck Deutschland Tel.: 08141\/310110 Fax: 08141\/310118 E-Mail: glaesser.dieter@bafo.de Registergericht: Vereinsregister des AG M\u00fcnchen Registernummer: VR 40673 Steuernummer 117\/107\/20071 Finanzamt F\u00fcrstenfeldbruck Vertretungsberechtigter Vorstand: Dieter Gl\u00e4\u00dfer (1. Vorsitzender) Plattform der EU-Kommission zur Online-Streitbeilegung: https:\/\/ec.europa.eu\/consumers\/odr Wir sind zur Teilnahme an einem Streitbeilegungsverfahren vor einer Verbraucherschlichtungsstelle weder verpflichtet noch bereit. Zust\u00e4ndige Aufsichtsbeh\u00f6rde f\u00fcr den Rundfunkbereich: Bayerische Landeszentrale f\u00fcr neue Medien (BLM) Rechtsf\u00e4hige Anstalt des \u00f6ffentlichen Rechts vertreten durch den Pr\u00e4sidenten Siegfried Schneider Heinrich-L\u00fcbke-Str. 27 81737 M\u00fcnchen Telefon: [&hellip;]<\/p>\n","protected":false},"author":1,"featured_media":0,"parent":0,"menu_order":0,"comment_status":"open","ping_status":"open","template":"","meta":{"footnotes":""},"class_list":["post-22","page","type-page","status-publish","hentry"],"_links":{"self":[{"href":"https:\/\/www.RacketMotion.com\/RacketMotion\/wp-json\/wp\/v2\/pages\/22","targetHints":{"allow":["GET"]}}],"collection":[{"href":"https:\/\/www.RacketMotion.com\/RacketMotion\/wp-json\/wp\/v2\/pages"}],"about":[{"href":"https:\/\/www.RacketMotion.com\/RacketMotion\/wp-json\/wp\/v2\/types\/page"}],"author":[{"embeddable":true,"href":"https:\/\/www.RacketMotion.com\/RacketMotion\/wp-json\/wp\/v2\/users\/1"}],"replies":[{"embeddable":true,"href":"https:\/\/www.RacketMotion.com\/RacketMotion\/wp-json\/wp\/v2\/comments?post=22"}],"version-history":[{"count":12,"href":"https:\/\/www.RacketMotion.com\/RacketMotion\/wp-json\/wp\/v2\/pages\/22\/revisions"}],"predecessor-version":[{"id":47494,"href":"https:\/\/www.RacketMotion.com\/RacketMotion\/wp-json\/wp\/v2\/pages\/22\/revisions\/47494"}],"wp:attachment":[{"href":"https:\/\/www.RacketMotion.com\/RacketMotion\/wp-json\/wp\/v2\/media?parent=22"}],"curies":[{"name":"wp","href":"https:\/\/api.w.org\/{rel}","templated":true}]}}