{"id":44255,"date":"2024-05-08T16:07:21","date_gmt":"2024-05-08T14:07:21","guid":{"rendered":"https:\/\/www.RacketMotion.com\/RacketMotion\/?page_id=44255"},"modified":"2024-11-01T10:51:25","modified_gmt":"2024-11-01T08:51:25","slug":"airbadminton-org","status":"publish","type":"page","link":"https:\/\/www.RacketMotion.com\/RacketMotion\/airbadminton-org\/","title":{"rendered":"AirBadminton [ORG]"},"content":{"rendered":"<p style=\"text-align: center;\"><span style=\"font-size: 18pt;\"><strong>L\u00e4nderspezifisch AirBadminton [ORG]<br \/>\n<\/strong><\/span><br \/>\n<span style=\"font-size: 18pt;\"><a href=\"http:\/\/www.AirBadminton.Sport\" target=\"_blank\" rel=\"noopener\">AirBadminton.Sport (BWF)<\/a><\/span><\/p>\n<p>Eine Unterseite, die sich speziell mit den organisatorischen Aspekten von AirBadminton-Turnieren besch\u00e4ftigt, die unter der Schirmherrschaft der BWF stehen. Sie bietet Ressourcen f\u00fcr Veranstalter, Informationen zu Turnierstandards und Updates zu internationalen Wettk\u00e4mpfen.<\/p>\n<p style=\"text-align: center;\"><strong>L\u00e4nderspezifische Unterseiten<\/strong><\/p>\n<p>Jede dieser Seiten bietet einen umfassenden \u00dcberblick \u00fcber die AirBadminton-Szene in verschiedenen L\u00e4ndern und Regionen. Besucher k\u00f6nnen Informationen zu lokalen Clubs, bevorstehenden Turnieren und nationalen Bestimmungen finden.<\/p>\n<p style=\"text-align: center;\"><span style=\"font-size: 18pt;\"><a href=\"https:\/\/badminton-bbv.de\/breitensport\/airbadminton\/\" target=\"_blank\" rel=\"noopener\">Bayern<\/a>, <a href=\"https:\/\/badminton.dk\/forside\/airbadminton\/\" target=\"_blank\" rel=\"noopener\">D\u00e4nemark<\/a>, <a href=\"https:\/\/www.badminton.de\/news\/badminton\/was-ist-airbadminton\/\" target=\"_blank\" rel=\"noopener\">Deutschland<\/a>, <a href=\"https:\/\/www.ffbad.org\/en\/pratiquer-airbadminton\" target=\"_blank\" rel=\"noopener\">Frankreich<\/a>, <a href=\"https:\/\/www.badmintonitalia.it\/it\/airbadminton-2.html\" target=\"_blank\" rel=\"noopener\">Italien<\/a>, <a href=\"\/\/www.airbadminton.nl\/\" target=\"_blank\" rel=\"noopener\">Niederlande<\/a>, <a href=\"https:\/\/www.badminton.at\/airbadminton.php\" target=\"_blank\" rel=\"noopener\">\u00d6sterreich<\/a>, <a href=\"https:\/\/www.swiss-badminton.ch\/page\/39520\/AirBadminton\" target=\"_blank\" rel=\"noopener\">Schweiz<\/a>, <a href=\"https:\/\/www.badminton.es\/page\/38315\/AIR-BADMINTON-Informacion-general\" target=\"_blank\" rel=\"noopener\">Spanien<\/a><\/span><\/p>\n","protected":false},"excerpt":{"rendered":"<p>L\u00e4nderspezifisch AirBadminton [ORG] AirBadminton.Sport (BWF) Eine Unterseite, die sich speziell mit den organisatorischen Aspekten von AirBadminton-Turnieren besch\u00e4ftigt, die unter der Schirmherrschaft der BWF stehen. Sie bietet Ressourcen f\u00fcr Veranstalter, Informationen zu Turnierstandards und Updates zu internationalen Wettk\u00e4mpfen. L\u00e4nderspezifische Unterseiten Jede dieser Seiten bietet einen umfassenden \u00dcberblick \u00fcber die AirBadminton-Szene in verschiedenen L\u00e4ndern und Regionen. Besucher k\u00f6nnen Informationen zu lokalen Clubs, bevorstehenden Turnieren und nationalen Bestimmungen finden. Bayern, D\u00e4nemark, Deutschland, Frankreich, Italien, Niederlande, \u00d6sterreich, Schweiz, Spanien<\/p>\n","protected":false},"author":1,"featured_media":40132,"parent":0,"menu_order":0,"comment_status":"closed","ping_status":"closed","template":"","meta":{"footnotes":""},"class_list":["post-44255","page","type-page","status-publish","has-post-thumbnail","hentry"],"_links":{"self":[{"href":"https:\/\/www.RacketMotion.com\/RacketMotion\/wp-json\/wp\/v2\/pages\/44255","targetHints":{"allow":["GET"]}}],"collection":[{"href":"https:\/\/www.RacketMotion.com\/RacketMotion\/wp-json\/wp\/v2\/pages"}],"about":[{"href":"https:\/\/www.RacketMotion.com\/RacketMotion\/wp-json\/wp\/v2\/types\/page"}],"author":[{"embeddable":true,"href":"https:\/\/www.RacketMotion.com\/RacketMotion\/wp-json\/wp\/v2\/users\/1"}],"replies":[{"embeddable":true,"href":"https:\/\/www.RacketMotion.com\/RacketMotion\/wp-json\/wp\/v2\/comments?post=44255"}],"version-history":[{"count":9,"href":"https:\/\/www.RacketMotion.com\/RacketMotion\/wp-json\/wp\/v2\/pages\/44255\/revisions"}],"predecessor-version":[{"id":44269,"href":"https:\/\/www.RacketMotion.com\/RacketMotion\/wp-json\/wp\/v2\/pages\/44255\/revisions\/44269"}],"wp:featuredmedia":[{"embeddable":true,"href":"https:\/\/www.RacketMotion.com\/RacketMotion\/wp-json\/wp\/v2\/media\/40132"}],"wp:attachment":[{"href":"https:\/\/www.RacketMotion.com\/RacketMotion\/wp-json\/wp\/v2\/media?parent=44255"}],"curies":[{"name":"wp","href":"https:\/\/api.w.org\/{rel}","templated":true}]}}